{"id":38,"date":"2025-08-01T13:05:25","date_gmt":"2025-08-01T13:05:25","guid":{"rendered":"http:\/\/localhost:8084\/violinosdelisboa\/?page_id=38"},"modified":"2025-08-01T16:39:58","modified_gmt":"2025-08-01T16:39:58","slug":"os-violinos-de-lisboa","status":"publish","type":"page","link":"https:\/\/osviolinosdelisboa.pt\/novo\/","title":{"rendered":"Os Violinos de Lisboa"},"content":{"rendered":"\t\t<div data-elementor-type=\"wp-page\" data-elementor-id=\"38\" class=\"elementor elementor-38\" data-elementor-post-type=\"page\">\n\t\t\t\t<div class=\"elementor-element elementor-element-014788d e-flex e-con-boxed e-con e-parent\" data-id=\"014788d\" data-element_type=\"container\" data-settings=\"{&quot;background_background&quot;:&quot;classic&quot;}\">\n\t\t\t\t\t<div class=\"e-con-inner\">\n\t\t\t\t<div class=\"elementor-element elementor-element-550198a elementor-widget elementor-widget-heading\" data-id=\"550198a\" data-element_type=\"widget\" data-widget_type=\"heading.default\">\n\t\t\t\t\t<h2 class=\"elementor-heading-title elementor-size-default\">Paix\u00e3o e dedica\u00e7\u00e3o<\/h2>\t\t\t\t<\/div>\n\t\t\t\t\t<\/div>\n\t\t\t\t<\/div>\n\t\t<div class=\"elementor-element elementor-element-adc0631 e-flex e-con-boxed e-con e-parent\" data-id=\"adc0631\" data-element_type=\"container\">\n\t\t\t\t\t<div class=\"e-con-inner\">\n\t\t\t\t\t<\/div>\n\t\t\t\t<\/div>\n\t\t<div class=\"elementor-element elementor-element-9caaba1 e-flex e-con-boxed e-con e-parent\" data-id=\"9caaba1\" data-element_type=\"container\">\n\t\t\t\t\t<div class=\"e-con-inner\">\n\t\t<div class=\"elementor-element elementor-element-2ab07ad e-con-full e-flex e-con e-child\" data-id=\"2ab07ad\" data-element_type=\"container\" data-settings=\"{&quot;background_background&quot;:&quot;classic&quot;}\">\n\t\t\t\t<\/div>\n\t\t<div class=\"elementor-element elementor-element-8e57e5f e-con-full e-flex e-con e-child\" data-id=\"8e57e5f\" data-element_type=\"container\">\n\t\t\t\t<div class=\"elementor-element elementor-element-83a72ab elementor-widget elementor-widget-heading\" data-id=\"83a72ab\" data-element_type=\"widget\" data-widget_type=\"heading.default\">\n\t\t\t\t\t<h2 class=\"elementor-heading-title elementor-size-default\">Os Violinos de Lisboa<\/h2>\t\t\t\t<\/div>\n\t\t\t\t<div class=\"elementor-element elementor-element-a02e515 elementor-widget-divider--view-line elementor-widget elementor-widget-divider\" data-id=\"a02e515\" data-element_type=\"widget\" data-widget_type=\"divider.default\">\n\t\t\t\t\t\t\t<div class=\"elementor-divider\">\n\t\t\t<span class=\"elementor-divider-separator\">\n\t\t\t\t\t\t<\/span>\n\t\t<\/div>\n\t\t\t\t\t\t<\/div>\n\t\t\t\t<div class=\"elementor-element elementor-element-d3755b3 elementor-widget elementor-widget-spacer\" data-id=\"d3755b3\" data-element_type=\"widget\" data-widget_type=\"spacer.default\">\n\t\t\t\t\t\t\t<div class=\"elementor-spacer\">\n\t\t\t<div class=\"elementor-spacer-inner\"><\/div>\n\t\t<\/div>\n\t\t\t\t\t\t<\/div>\n\t\t\t\t<div class=\"elementor-element elementor-element-6fb91eb elementor-widget elementor-widget-text-editor\" data-id=\"6fb91eb\" data-element_type=\"widget\" data-widget_type=\"text-editor.default\">\n\t\t\t\t\t\t\t\t\t<p>Lorem ipsum dolor sit amet, consectetur adipiscing elit. Ut elit tellus, luctus nec ullamcorper mattis, pulvinar dapibus leo.<\/p><p>Lorem ipsum dolor sit amet, consectetur adipiscing elit. Ut elit tellus, luctus nec ullamcorper mattis, pulvinar dapibus leo.<\/p><p>Lorem ipsum dolor sit amet, consectetur adipiscing elit. Ut elit tellus, luctus nec ullamcorper mattis, pulvinar dapibus leo.<\/p><p>Lorem ipsum dolor sit amet, consectetur adipiscing elit. Ut elit tellus, luctus nec ullamcorper mattis, pulvinar dapibus leo.<\/p><p>Lorem ipsum dolor sit amet, consectetur adipiscing elit. Ut elit tellus, luctus nec ullamcorper mattis, pulvinar dapibus leo.<\/p>\t\t\t\t\t\t\t\t<\/div>\n\t\t\t\t<div class=\"elementor-element elementor-element-58b9433 elementor-align-left elementor-widget elementor-widget-button\" data-id=\"58b9433\" data-element_type=\"widget\" data-widget_type=\"button.default\">\n\t\t\t\t\t\t\t\t\t\t<a class=\"elementor-button elementor-button-link elementor-size-sm\" href=\"\/violinosdelisboa\/quem-somos\/\">\n\t\t\t\t\t\t<span class=\"elementor-button-content-wrapper\">\n\t\t\t\t\t\t\t\t\t<span class=\"elementor-button-text\">Conhecer mais<\/span>\n\t\t\t\t\t<\/span>\n\t\t\t\t\t<\/a>\n\t\t\t\t\t\t\t\t<\/div>\n\t\t\t\t<\/div>\n\t\t\t\t\t<\/div>\n\t\t\t\t<\/div>\n\t\t<div class=\"elementor-element elementor-element-5cfaed7 e-flex e-con-boxed e-con e-parent\" data-id=\"5cfaed7\" data-element_type=\"container\">\n\t\t\t\t\t<div class=\"e-con-inner\">\n\t\t\t\t<div class=\"elementor-element elementor-element-a185147 elementor-widget elementor-widget-heading\" data-id=\"a185147\" data-element_type=\"widget\" data-widget_type=\"heading.default\">\n\t\t\t\t\t<h2 class=\"elementor-heading-title elementor-size-default\">Concertos<\/h2>\t\t\t\t<\/div>\n\t\t\t\t<div class=\"elementor-element elementor-element-03e15c9 elementor-widget-divider--view-line elementor-widget elementor-widget-divider\" data-id=\"03e15c9\" data-element_type=\"widget\" data-widget_type=\"divider.default\">\n\t\t\t\t\t\t\t<div class=\"elementor-divider\">\n\t\t\t<span class=\"elementor-divider-separator\">\n\t\t\t\t\t\t<\/span>\n\t\t<\/div>\n\t\t\t\t\t\t<\/div>\n\t\t\t\t\t<\/div>\n\t\t\t\t<\/div>\n\t\t<div class=\"elementor-element elementor-element-c8500f3 e-flex e-con-boxed e-con e-parent\" data-id=\"c8500f3\" data-element_type=\"container\" data-settings=\"{&quot;background_background&quot;:&quot;classic&quot;}\">\n\t\t\t\t\t<div class=\"e-con-inner\">\n\t\t\t\t<div class=\"elementor-element elementor-element-ae755e2 elementor-widget elementor-widget-loop-carousel\" data-id=\"ae755e2\" data-element_type=\"widget\" data-settings=\"{&quot;template_id&quot;:133,&quot;_skin&quot;:&quot;post&quot;,&quot;slides_to_show&quot;:&quot;3&quot;,&quot;slides_to_show_tablet&quot;:&quot;2&quot;,&quot;slides_to_show_mobile&quot;:&quot;1&quot;,&quot;slides_to_scroll&quot;:&quot;1&quot;,&quot;edit_handle_selector&quot;:&quot;.elementor-loop-container&quot;,&quot;autoplay&quot;:&quot;yes&quot;,&quot;autoplay_speed&quot;:5000,&quot;pause_on_hover&quot;:&quot;yes&quot;,&quot;pause_on_interaction&quot;:&quot;yes&quot;,&quot;infinite&quot;:&quot;yes&quot;,&quot;speed&quot;:500,&quot;offset_sides&quot;:&quot;none&quot;,&quot;image_spacing_custom&quot;:{&quot;unit&quot;:&quot;px&quot;,&quot;size&quot;:10,&quot;sizes&quot;:[]},&quot;image_spacing_custom_tablet&quot;:{&quot;unit&quot;:&quot;px&quot;,&quot;size&quot;:&quot;&quot;,&quot;sizes&quot;:[]},&quot;image_spacing_custom_mobile&quot;:{&quot;unit&quot;:&quot;px&quot;,&quot;size&quot;:&quot;&quot;,&quot;sizes&quot;:[]}}\" data-widget_type=\"loop-carousel.post\">\n\t\t\t\t\t\t\t<div class=\"swiper elementor-loop-container elementor-grid\" role=\"list\" dir=\"ltr\">\n\t\t\t\t<div class=\"swiper-wrapper\" aria-live=\"off\">\n\t\t<style id=\"loop-133\">.elementor-133 .elementor-element.elementor-element-5bdb772{--display:flex;--flex-direction:column;--container-widget-width:100%;--container-widget-height:initial;--container-widget-flex-grow:0;--container-widget-align-self:initial;--flex-wrap-mobile:wrap;}.elementor-widget-theme-post-featured-image .widget-image-caption{color:var( --e-global-color-text );font-family:var( --e-global-typography-text-font-family ), Sans-serif;font-weight:var( --e-global-typography-text-font-weight );}<\/style>\t\t<div data-elementor-type=\"loop-item\" data-elementor-id=\"133\" class=\"elementor elementor-133 swiper-slide e-loop-item e-loop-item-125 post-125 post type-post status-publish format-standard has-post-thumbnail hentry category-concertos\" data-elementor-post-type=\"elementor_library\" role=\"group\" aria-roledescription=\"slide\" data-custom-edit-handle=\"1\">\n\t\t\t<div class=\"elementor-element elementor-element-5bdb772 e-flex e-con-boxed e-con e-parent\" data-id=\"5bdb772\" data-element_type=\"container\">\n\t\t\t\t\t<div class=\"e-con-inner\">\n\t\t\t\t<div class=\"elementor-element elementor-element-6b21c11 elementor-widget elementor-widget-theme-post-featured-image elementor-widget-image\" data-id=\"6b21c11\" data-element_type=\"widget\" data-widget_type=\"theme-post-featured-image.default\">\n\t\t\t\t\t\t\t\t\t\t\t\t\t\t\t<img fetchpriority=\"high\" decoding=\"async\" width=\"1350\" height=\"1687\" src=\"https:\/\/osviolinosdelisboa.pt\/novo\/wp-content\/uploads\/2025\/08\/concerto_22junho2025.jpg\" class=\"attachment-full size-full wp-image-120\" alt=\"\" srcset=\"https:\/\/osviolinosdelisboa.pt\/novo\/wp-content\/uploads\/2025\/08\/concerto_22junho2025.jpg 1350w, https:\/\/osviolinosdelisboa.pt\/novo\/wp-content\/uploads\/2025\/08\/concerto_22junho2025-240x300.jpg 240w, https:\/\/osviolinosdelisboa.pt\/novo\/wp-content\/uploads\/2025\/08\/concerto_22junho2025-819x1024.jpg 819w, https:\/\/osviolinosdelisboa.pt\/novo\/wp-content\/uploads\/2025\/08\/concerto_22junho2025-768x960.jpg 768w, https:\/\/osviolinosdelisboa.pt\/novo\/wp-content\/uploads\/2025\/08\/concerto_22junho2025-1229x1536.jpg 1229w\" sizes=\"(max-width: 1350px) 100vw, 1350px\" \/>\t\t\t\t\t\t\t\t\t\t\t\t\t\t\t<\/div>\n\t\t\t\t\t<\/div>\n\t\t\t\t<\/div>\n\t\t\t\t<\/div>\n\t\t\t\t<div data-elementor-type=\"loop-item\" data-elementor-id=\"133\" class=\"elementor elementor-133 swiper-slide e-loop-item e-loop-item-116 post-116 post type-post status-publish format-standard has-post-thumbnail hentry category-concertos\" data-elementor-post-type=\"elementor_library\" role=\"group\" aria-roledescription=\"slide\" data-custom-edit-handle=\"1\">\n\t\t\t<div class=\"elementor-element elementor-element-5bdb772 e-flex e-con-boxed e-con e-parent\" data-id=\"5bdb772\" data-element_type=\"container\">\n\t\t\t\t\t<div class=\"e-con-inner\">\n\t\t\t\t<div class=\"elementor-element elementor-element-6b21c11 elementor-widget elementor-widget-theme-post-featured-image elementor-widget-image\" data-id=\"6b21c11\" data-element_type=\"widget\" data-widget_type=\"theme-post-featured-image.default\">\n\t\t\t\t\t\t\t\t\t\t\t\t\t\t\t<img decoding=\"async\" width=\"1440\" height=\"1080\" src=\"https:\/\/osviolinosdelisboa.pt\/novo\/wp-content\/uploads\/2025\/08\/concerto_natal2024.jpg\" class=\"attachment-full size-full wp-image-121\" alt=\"\" srcset=\"https:\/\/osviolinosdelisboa.pt\/novo\/wp-content\/uploads\/2025\/08\/concerto_natal2024.jpg 1440w, https:\/\/osviolinosdelisboa.pt\/novo\/wp-content\/uploads\/2025\/08\/concerto_natal2024-300x225.jpg 300w, https:\/\/osviolinosdelisboa.pt\/novo\/wp-content\/uploads\/2025\/08\/concerto_natal2024-1024x768.jpg 1024w, https:\/\/osviolinosdelisboa.pt\/novo\/wp-content\/uploads\/2025\/08\/concerto_natal2024-768x576.jpg 768w\" sizes=\"(max-width: 1440px) 100vw, 1440px\" \/>\t\t\t\t\t\t\t\t\t\t\t\t\t\t\t<\/div>\n\t\t\t\t\t<\/div>\n\t\t\t\t<\/div>\n\t\t\t\t<\/div>\n\t\t\t\t<\/div>\n\t\t<\/div>\n\t\t\t\t\t\t<\/div>\n\t\t\t\t\t<\/div>\n\t\t\t\t<\/div>\n\t\t\t\t<\/div>\n\t\t","protected":false},"excerpt":{"rendered":"<p>Paix\u00e3o e dedica\u00e7\u00e3o Os Violinos de Lisboa Lorem ipsum dolor sit amet, consectetur adipiscing elit. Ut elit tellus, luctus nec ullamcorper mattis, pulvinar dapibus leo. Lorem ipsum dolor sit amet, consectetur adipiscing elit. Ut elit tellus, luctus nec ullamcorper mattis, pulvinar dapibus leo. Lorem ipsum dolor sit amet, consectetur adipiscing elit. Ut elit tellus, luctus [&hellip;]<\/p>\n","protected":false},"author":1,"featured_media":0,"parent":0,"menu_order":0,"comment_status":"closed","ping_status":"closed","template":"","meta":{"footnotes":""},"class_list":["post-38","page","type-page","status-publish","hentry"],"_links":{"self":[{"href":"https:\/\/osviolinosdelisboa.pt\/novo\/wp-json\/wp\/v2\/pages\/38","targetHints":{"allow":["GET"]}}],"collection":[{"href":"https:\/\/osviolinosdelisboa.pt\/novo\/wp-json\/wp\/v2\/pages"}],"about":[{"href":"https:\/\/osviolinosdelisboa.pt\/novo\/wp-json\/wp\/v2\/types\/page"}],"author":[{"embeddable":true,"href":"https:\/\/osviolinosdelisboa.pt\/novo\/wp-json\/wp\/v2\/users\/1"}],"replies":[{"embeddable":true,"href":"https:\/\/osviolinosdelisboa.pt\/novo\/wp-json\/wp\/v2\/comments?post=38"}],"version-history":[{"count":58,"href":"https:\/\/osviolinosdelisboa.pt\/novo\/wp-json\/wp\/v2\/pages\/38\/revisions"}],"predecessor-version":[{"id":200,"href":"https:\/\/osviolinosdelisboa.pt\/novo\/wp-json\/wp\/v2\/pages\/38\/revisions\/200"}],"wp:attachment":[{"href":"https:\/\/osviolinosdelisboa.pt\/novo\/wp-json\/wp\/v2\/media?parent=38"}],"curies":[{"name":"wp","href":"https:\/\/api.w.org\/{rel}","templated":true}]}}